{"id":5838,"date":"2025-01-07T21:06:25","date_gmt":"2025-01-07T20:06:25","guid":{"rendered":"https:\/\/www.quarzainversiones.com\/rocio-jimenez-bios\/"},"modified":"2025-11-26T18:06:45","modified_gmt":"2025-11-26T17:06:45","slug":"rocio-jimenez-bios","status":"publish","type":"page","link":"https:\/\/www.quarzainversiones.com\/en\/rocio-jimenez-bios\/","title":{"rendered":"Roc\u00edo Jim\u00e9nez Bios"},"content":{"rendered":"\t\t<div data-elementor-type=\"wp-page\" data-elementor-id=\"5838\" class=\"elementor elementor-5838 elementor-3707\" data-elementor-post-type=\"page\">\n\t\t\t\t\t\t<section class=\"elementor-section elementor-top-section elementor-element elementor-element-577f2e3c elementor-section-full_width elementor-section-height-default elementor-section-height-default\" data-id=\"577f2e3c\" data-element_type=\"section\" data-settings=\"{&quot;background_background&quot;:&quot;classic&quot;}\">\n\t\t\t\t\t\t<div class=\"elementor-container elementor-column-gap-default\">\n\t\t\t\t\t<div class=\"elementor-column elementor-col-100 elementor-top-column elementor-element elementor-element-19709c4e\" data-id=\"19709c4e\" data-element_type=\"column\">\n\t\t\t<div class=\"elementor-widget-wrap elementor-element-populated\">\n\t\t\t\t\t\t<div class=\"elementor-element elementor-element-42686b8 elementor-hidden-mobile elementor-widget elementor-widget-spacer\" data-id=\"42686b8\" data-element_type=\"widget\" data-widget_type=\"spacer.default\">\n\t\t\t\t<div class=\"elementor-widget-container\">\n\t\t\t\t\t\t\t<div class=\"elementor-spacer\">\n\t\t\t<div class=\"elementor-spacer-inner\"><\/div>\n\t\t<\/div>\n\t\t\t\t\t\t<\/div>\n\t\t\t\t<\/div>\n\t\t\t\t<section class=\"elementor-section elementor-inner-section elementor-element elementor-element-5e77255c elementor-section-content-middle elementor-section-boxed elementor-section-height-default elementor-section-height-default\" data-id=\"5e77255c\" data-element_type=\"section\">\n\t\t\t\t\t\t<div class=\"elementor-container elementor-column-gap-default\">\n\t\t\t\t\t<div class=\"elementor-column elementor-col-100 elementor-inner-column elementor-element elementor-element-3f7c6c55\" data-id=\"3f7c6c55\" data-element_type=\"column\">\n\t\t\t<div class=\"elementor-widget-wrap elementor-element-populated\">\n\t\t\t\t\t\t<div class=\"elementor-element elementor-element-1eb915b8 elementor-widget elementor-widget-heading\" data-id=\"1eb915b8\" data-element_type=\"widget\" data-widget_type=\"heading.default\">\n\t\t\t\t<div class=\"elementor-widget-container\">\n\t\t\t\t\t<h5 class=\"elementor-heading-title elementor-size-default\">QUARZA INVESTMENTS\n<\/h5>\t\t\t\t<\/div>\n\t\t\t\t<\/div>\n\t\t\t\t<div class=\"elementor-element elementor-element-5bb48de1 elementor-widget elementor-widget-heading\" data-id=\"5bb48de1\" data-element_type=\"widget\" data-widget_type=\"heading.default\">\n\t\t\t\t<div class=\"elementor-widget-container\">\n\t\t\t\t\t<h5 class=\"elementor-heading-title elementor-size-default\">The team<\/h5>\t\t\t\t<\/div>\n\t\t\t\t<\/div>\n\t\t\t\t\t<\/div>\n\t\t<\/div>\n\t\t\t\t\t<\/div>\n\t\t<\/section>\n\t\t\t\t<section class=\"elementor-section elementor-inner-section elementor-element elementor-element-703cd4d6 elementor-section-boxed elementor-section-height-default elementor-section-height-default\" data-id=\"703cd4d6\" data-element_type=\"section\">\n\t\t\t\t\t\t<div class=\"elementor-container elementor-column-gap-default\">\n\t\t\t\t\t<div class=\"elementor-column elementor-col-50 elementor-inner-column elementor-element elementor-element-528cca81\" data-id=\"528cca81\" data-element_type=\"column\">\n\t\t\t<div class=\"elementor-widget-wrap elementor-element-populated\">\n\t\t\t\t\t\t<div class=\"elementor-element elementor-element-059b587 elementor-widget elementor-widget-honshi-team-item\" data-id=\"059b587\" data-element_type=\"widget\" data-widget_type=\"honshi-team-item.default\">\n\t\t\t\t<div class=\"elementor-widget-container\">\n\t\t\t\t\t<div class=\"team-wrapper\"><div class=\"team-image mb20\"><div class=\"team-overlay\"><div class=\"team-overlay-vertical-center\"><\/div><\/div><img decoding=\"async\" src=\"https:\/\/www.quarzainversiones.com\/wp-content\/uploads\/2024\/08\/img-quarza-equipo-8.jpg\" alt=\"Roc\u00edo Jim\u00e9nez\" \/><\/div><div class=\"member-info\"><h3 class=\"team-name\">Roc\u00edo Jim\u00e9nez<\/h3><h5 class=\"title position\">Executive Assistant<\/h5><\/div><\/div>\t\t\t\t<\/div>\n\t\t\t\t<\/div>\n\t\t\t\t<div class=\"elementor-element elementor-element-b8673fb elementor-shape-circle e-grid-align-left e-grid-align-mobile-center elementor-grid-0 elementor-widget elementor-widget-social-icons\" data-id=\"b8673fb\" data-element_type=\"widget\" data-widget_type=\"social-icons.default\">\n\t\t\t\t<div class=\"elementor-widget-container\">\n\t\t\t\t\t\t\t<div class=\"elementor-social-icons-wrapper elementor-grid\">\n\t\t\t\t\t\t\t<span class=\"elementor-grid-item\">\n\t\t\t\t\t<a class=\"elementor-icon elementor-social-icon elementor-social-icon-linkedin-in elementor-repeater-item-2d393cc\" href=\"#\" target=\"_blank\">\n\t\t\t\t\t\t<span class=\"elementor-screen-only\">Linkedin-in<\/span>\n\t\t\t\t\t\t<svg class=\"e-font-icon-svg e-fab-linkedin-in\" viewBox=\"0 0 448 512\" xmlns=\"http:\/\/www.w3.org\/2000\/svg\"><path d=\"M100.28 448H7.4V148.9h92.88zM53.79 108.1C24.09 108.1 0 83.5 0 53.8a53.79 53.79 0 0 1 107.58 0c0 29.7-24.1 54.3-53.79 54.3zM447.9 448h-92.68V302.4c0-34.7-.7-79.2-48.29-79.2-48.29 0-55.69 37.7-55.69 76.7V448h-92.78V148.9h89.08v40.8h1.3c12.4-23.5 42.69-48.3 87.88-48.3 94 0 111.28 61.9 111.28 142.3V448z\"><\/path><\/svg>\t\t\t\t\t<\/a>\n\t\t\t\t<\/span>\n\t\t\t\t\t<\/div>\n\t\t\t\t\t\t<\/div>\n\t\t\t\t<\/div>\n\t\t\t\t\t<\/div>\n\t\t<\/div>\n\t\t\t\t<div class=\"elementor-column elementor-col-50 elementor-inner-column elementor-element elementor-element-8b09bb8\" data-id=\"8b09bb8\" data-element_type=\"column\">\n\t\t\t<div class=\"elementor-widget-wrap elementor-element-populated\">\n\t\t\t\t\t\t<div class=\"elementor-element elementor-element-376b68bf elementor-widget elementor-widget-text-editor\" data-id=\"376b68bf\" data-element_type=\"widget\" data-widget_type=\"text-editor.default\">\n\t\t\t\t<div class=\"elementor-widget-container\">\n\t\t\t\t\t\t\t\t\t<div class=\"wpb_column vc_column_container vc_col-sm-6\"><div class=\"vc_column-inner \"><div class=\"wpb_wrapper\"><div class=\"wpb_text_column wpb_content_element \"><div class=\"wpb_wrapper\"><div class=\"vc_row wpb_row vc_row-fluid\"><div class=\"wpb_column vc_column_container vc_col-sm-6\"><div class=\"vc_column-inner \"><div class=\"wpb_wrapper\"><div class=\"wpb_text_column wpb_content_element \"><div class=\"wpb_wrapper\"><p style=\"font-weight: 400;\"><strong>Roc\u00edo Jim\u00e9nez holds a degree in Philology from the Complutense University of Madrid and specialized in Trilingual Business Techniques at Saint Charles College.<\/strong><\/p><p style=\"font-weight: 400;\">Roc\u00edo Jim\u00e9nez has a long career at Torreal, S.A., where she has been an assistant and secretary in the Investments department and to members of the Board of Directors.<\/p><p style=\"font-weight: 400;\">In 2019, Roc\u00edo Jim\u00e9nez joined the Quarza Inversiones team as Executive Assistant to the President.<\/p><\/div><\/div><\/div><\/div><\/div><\/div><\/div><\/div><\/div><\/div><\/div>\t\t\t\t\t\t\t\t<\/div>\n\t\t\t\t<\/div>\n\t\t\t\t\t<\/div>\n\t\t<\/div>\n\t\t\t\t\t<\/div>\n\t\t<\/section>\n\t\t\t\t<div class=\"elementor-element elementor-element-38881077 elementor-hidden-mobile elementor-widget elementor-widget-spacer\" data-id=\"38881077\" data-element_type=\"widget\" data-widget_type=\"spacer.default\">\n\t\t\t\t<div class=\"elementor-widget-container\">\n\t\t\t\t\t\t\t<div class=\"elementor-spacer\">\n\t\t\t<div class=\"elementor-spacer-inner\"><\/div>\n\t\t<\/div>\n\t\t\t\t\t\t<\/div>\n\t\t\t\t<\/div>\n\t\t<div class=\"elementor-element elementor-element-7df933d e-grid e-con-boxed e-con e-parent\" data-id=\"7df933d\" data-element_type=\"container\">\n\t\t\t\t\t<div class=\"e-con-inner\">\n\t\t\t\t<div class=\"elementor-element elementor-element-393fcec elementor-view-default elementor-widget elementor-widget-icon\" data-id=\"393fcec\" data-element_type=\"widget\" data-widget_type=\"icon.default\">\n\t\t\t\t<div class=\"elementor-widget-container\">\n\t\t\t\t\t\t\t<div class=\"elementor-icon-wrapper\">\n\t\t\t<a class=\"elementor-icon\" href=\"https:\/\/www.quarzainversiones.com\/en\/andrea-texidor-bios\/\">\n\t\t\t<svg xmlns=\"http:\/\/www.w3.org\/2000\/svg\" id=\"Capa_2\" data-name=\"Capa 2\" viewBox=\"0 0 168.23 56.71\"><defs><style>      .cls-1 {        fill: none;        stroke: #01523f;        stroke-linecap: round;        stroke-linejoin: round;      }    <\/style><\/defs><g id=\"Capa_1-2\" data-name=\"Capa 1\"><g><line class=\"cls-1\" x1=\"167.73\" y1=\"28.36\" x2=\"1.2\" y2=\"28.36\"><\/line><polyline class=\"cls-1\" points=\"28.35 56.21 .5 28.35 28.35 .5\"><\/polyline><\/g><\/g><\/svg>\t\t\t<\/a>\n\t\t<\/div>\n\t\t\t\t\t\t<\/div>\n\t\t\t\t<\/div>\n\t\t\t\t<div class=\"elementor-element elementor-element-d23b4a9 elementor-widget elementor-widget-heading\" data-id=\"d23b4a9\" data-element_type=\"widget\" data-widget_type=\"heading.default\">\n\t\t\t\t<div class=\"elementor-widget-container\">\n\t\t\t\t\t<h2 class=\"elementor-heading-title elementor-size-default\"><a href=\"https:\/\/www.quarzainversiones.com\/en\/equipo\/\">SEE QUARZA INVESTMENTS TEAM\u200b<\/a><\/h2>\t\t\t\t<\/div>\n\t\t\t\t<\/div>\n\t\t\t\t<div class=\"elementor-element elementor-element-5dca01f elementor-view-default elementor-widget elementor-widget-icon\" data-id=\"5dca01f\" data-element_type=\"widget\" data-widget_type=\"icon.default\">\n\t\t\t\t<div class=\"elementor-widget-container\">\n\t\t\t\t\t\t\t<div class=\"elementor-icon-wrapper\">\n\t\t\t<a class=\"elementor-icon\" href=\"https:\/\/www.quarzainversiones.com\/en\/cristian-abello-bios\/\">\n\t\t\t<svg xmlns=\"http:\/\/www.w3.org\/2000\/svg\" id=\"Capa_2\" data-name=\"Capa 2\" viewBox=\"0 0 168.23 56.71\"><defs><style>      .cls-1 {        fill: none;        stroke: #01523f;        stroke-linecap: round;        stroke-linejoin: round;      }    <\/style><\/defs><g id=\"Capa_1-2\" data-name=\"Capa 1\"><g><line class=\"cls-1\" x1=\".5\" y1=\"28.35\" x2=\"167.04\" y2=\"28.35\"><\/line><polyline class=\"cls-1\" points=\"139.88 .5 167.73 28.35 139.88 56.21\"><\/polyline><\/g><\/g><\/svg>\t\t\t<\/a>\n\t\t<\/div>\n\t\t\t\t\t\t<\/div>\n\t\t\t\t<\/div>\n\t\t\t\t\t<\/div>\n\t\t\t\t<\/div>\n\t\t\t\t\t<\/div>\n\t\t<\/div>\n\t\t\t\t\t<\/div>\n\t\t<\/section>\n\t\t\t\t<\/div>\n\t\t","protected":false},"excerpt":{"rendered":"<p>QUARZA INVESTMENTS The team Roc\u00edo Jim\u00e9nez Executive Assistant Linkedin-in Roc\u00edo Jim\u00e9nez holds a degree in Philology from the Complutense University of Madrid and specialized in Trilingual Business Techniques at Saint Charles College. Roc\u00edo Jim\u00e9nez has a long career at Torreal, S.A., where she has been an assistant and secretary in the Investments department and to [&hellip;]<\/p>\n","protected":false},"author":1,"featured_media":0,"parent":0,"menu_order":0,"comment_status":"closed","ping_status":"closed","template":"honshi-elementor-page.php","meta":{"footnotes":"","_links_to":"","_links_to_target":""},"class_list":["post-5838","page","type-page","status-publish","hentry"],"_links":{"self":[{"href":"https:\/\/www.quarzainversiones.com\/en\/wp-json\/wp\/v2\/pages\/5838","targetHints":{"allow":["GET"]}}],"collection":[{"href":"https:\/\/www.quarzainversiones.com\/en\/wp-json\/wp\/v2\/pages"}],"about":[{"href":"https:\/\/www.quarzainversiones.com\/en\/wp-json\/wp\/v2\/types\/page"}],"author":[{"embeddable":true,"href":"https:\/\/www.quarzainversiones.com\/en\/wp-json\/wp\/v2\/users\/1"}],"replies":[{"embeddable":true,"href":"https:\/\/www.quarzainversiones.com\/en\/wp-json\/wp\/v2\/comments?post=5838"}],"version-history":[{"count":23,"href":"https:\/\/www.quarzainversiones.com\/en\/wp-json\/wp\/v2\/pages\/5838\/revisions"}],"predecessor-version":[{"id":7266,"href":"https:\/\/www.quarzainversiones.com\/en\/wp-json\/wp\/v2\/pages\/5838\/revisions\/7266"}],"wp:attachment":[{"href":"https:\/\/www.quarzainversiones.com\/en\/wp-json\/wp\/v2\/media?parent=5838"}],"curies":[{"name":"wp","href":"https:\/\/api.w.org\/{rel}","templated":true}]}}